{"id":38,"date":"2020-12-05T05:42:42","date_gmt":"2020-12-05T05:42:42","guid":{"rendered":"https:\/\/www.endmillmts.com\/?page_id=38"},"modified":"2020-12-25T08:44:41","modified_gmt":"2020-12-25T08:44:41","slug":"end-mill-for-aluminum","status":"publish","type":"page","link":"https:\/\/www.endmillmts.com\/fr\/end-mill-for-aluminum\/","title":{"rendered":"Fraise En Bout Pour L&#039;Aluminium"},"content":{"rendered":"<div class=\"fusion-fullwidth fullwidth-box fusion-builder-row-1 fusion-flex-container nonhundred-percent-fullwidth non-hundred-percent-height-scrolling\" style=\"background-color: rgba(255,255,255,0);background-position: center center;background-repeat: no-repeat;border-width: 0px 0px 0px 0px;border-color:#e2e2e2;border-style:solid;\" ><div class=\"fusion-builder-row fusion-row fusion-flex-align-items-flex-start\" style=\"max-width:1331.2px;margin-left: calc(-4% \/ 2 );margin-right: calc(-4% \/ 2 );\"><div class=\"fusion-layout-column fusion_builder_column fusion-builder-column-0 fusion_builder_column_1_1 1_1 fusion-flex-column\"><div class=\"fusion-column-wrapper fusion-flex-justify-content-flex-start fusion-content-layout-column\" style=\"background-position:left top;background-repeat:no-repeat;-webkit-background-size:cover;-moz-background-size:cover;-o-background-size:cover;background-size:cover;padding: 0px 0px 0px 0px;\"><style type=\"text\/css\">.fusion-portfolio-wrapper#fusion-portfolio-1 .fusion-portfolio-content{ padding: 10px 10px 10px 10px; text-align: center; }<\/style><div class=\"fusion-recent-works fusion-portfolio-element fusion-portfolio fusion-portfolio-1 fusion-portfolio-grid fusion-portfolio-paging-pagination fusion-portfolio-three fusion-portfolio-boxed fusion-portfolio-text fusion-portfolio-equal-heights fusion-portfolio-rollover\" data-id=\"-rw-1\" data-columns=\"three\"><style type=\"text\/css\">.fusion-portfolio-1 .fusion-portfolio-wrapper .fusion-col-spacing{padding:5px;}<\/style><div class=\"fusion-portfolio-wrapper\" id=\"fusion-portfolio-1\" data-picturesize=\"auto\" data-pages=\"1\" style=\"margin:-5px;\"><article id=\"portfolio-1-post-462\" class=\"fusion-portfolio-post end-mill-for-aluminum 3-flute-end-mill-for-alu fusion-col-spacing post-462\"><div class=\"fusion-portfolio-content-wrapper\" style=\"border:1px solid #f2f3f5;border-bottom-width:3px;background-color:rgba(255,255,255,0);\"><span class=\"vcard rich-snippet-hidden\"><span class=\"fn\"><a href=\"https:\/\/www.endmillmts.com\/fr\/author\/endmillmtsadmin\/\" title=\"Articles par endmillmtsadmin\" rel=\"author\">endmillmtsadmin<\/a><\/span><\/span><span class=\"updated rich-snippet-hidden\">2021-05-30T05:38:53+00:00<\/span>\n\n<div  class=\"fusion-image-wrapper\" aria-haspopup=\"true\">\n\t\n\t\n\t\n\t\t\n\t\t\t\t\t<img decoding=\"async\" width=\"800\" height=\"800\" src=\"https:\/\/www.endmillmts.com\/wp-content\/uploads\/2020\/12\/HRC55-End-Mills-for-01.jpg\" class=\"attachment-full size-full wp-post-image\" alt=\"HRC55 fraises pour 01\" srcset=\"https:\/\/www.endmillmts.com\/wp-content\/uploads\/2020\/12\/HRC55-End-Mills-for-01-200x200.jpg 200w, https:\/\/www.endmillmts.com\/wp-content\/uploads\/2020\/12\/HRC55-End-Mills-for-01-400x400.jpg 400w, https:\/\/www.endmillmts.com\/wp-content\/uploads\/2020\/12\/HRC55-End-Mills-for-01-600x600.jpg 600w, https:\/\/www.endmillmts.com\/wp-content\/uploads\/2020\/12\/HRC55-End-Mills-for-01.jpg 800w\" sizes=\"(min-width: 2200px) 100vw, (min-width: 784px) 420px, (min-width: 712px) 630px, (min-width: 640px) 712px, \" title=\"\">\n\t\n\n\t\t<div class=\"fusion-rollover\">\n\t<div class=\"fusion-rollover-content\">\n\n\t\t\t\t\t\t\t\t\t\t\t\t\t\t<a class=\"fusion-rollover-link\" href=\"https:\/\/www.endmillmts.com\/fr\/product\/hrc55-end-mills-for-aluminum-3flute\/\">HRC55 Fin Usines d&#039;Aluminium 3Flute<\/a>\n\t\t\t\n\t\t\t\t\t\t\t\t\n\t\t\t\t\n\t\t\t\t\t\t\t\t\t\t\t\t<h4 class=\"fusion-rollover-title\">\n\t\t\t\t\t<a class=\"fusion-rollover-title-link\" href=\"https:\/\/www.endmillmts.com\/fr\/product\/hrc55-end-mills-for-aluminum-3flute\/\">\n\t\t\t\t\t\tHRC55 Fin Usines d&#039;Aluminium 3Flute\t\t\t\t\t<\/a>\n\t\t\t\t<\/h4>\n\t\t\t\n\t\t\t\t\t\t\t\t\n\t\t\n\t\t\t\t<a class=\"fusion-link-wrapper\" href=\"https:\/\/www.endmillmts.com\/fr\/product\/hrc55-end-mills-for-aluminum-3flute\/\" aria-label=\"HRC55 Fin Usines d&#039;Aluminium 3Flute\"><\/a>\n\t<\/div>\n<\/div>\n\n\t\n<\/div>\n<div class=\"fusion-portfolio-content\" style=\"background-color:rgba(255,255,255,0);\"><h2 class=\"entry-title fusion-post-title\"><a href=\"https:\/\/www.endmillmts.com\/fr\/product\/hrc55-end-mills-for-aluminum-3flute\/\">HRC55 Fin Usines d&#039;Aluminium 3Flute<\/a><\/h2><div class=\"fusion-post-content\"><\/div><\/div><\/div><\/article><article id=\"portfolio-1-post-451\" class=\"fusion-portfolio-post end-mill-for-aluminum 3-flute-end-mill-for-alu fusion-col-spacing post-451\"><div class=\"fusion-portfolio-content-wrapper\" style=\"border:1px solid #f2f3f5;border-bottom-width:3px;background-color:rgba(255,255,255,0);\"><span class=\"vcard rich-snippet-hidden\"><span class=\"fn\"><a href=\"https:\/\/www.endmillmts.com\/fr\/author\/endmillmtsadmin\/\" title=\"Articles par endmillmtsadmin\" rel=\"author\">endmillmtsadmin<\/a><\/span><\/span><span class=\"updated rich-snippet-hidden\">2021-05-30T05:39:01+00:00<\/span>\n\n<div  class=\"fusion-image-wrapper\" aria-haspopup=\"true\">\n\t\n\t\n\t\n\t\t\n\t\t\t\t\t<img decoding=\"async\" width=\"800\" height=\"800\" src=\"https:\/\/www.endmillmts.com\/wp-content\/uploads\/2020\/12\/HRC45-End-Mills-for.jpg\" class=\"attachment-full size-full wp-post-image\" alt=\"HRC45 fraises pour\" srcset=\"https:\/\/www.endmillmts.com\/wp-content\/uploads\/2020\/12\/HRC45-End-Mills-for-200x200.jpg 200w, https:\/\/www.endmillmts.com\/wp-content\/uploads\/2020\/12\/HRC45-End-Mills-for-400x400.jpg 400w, https:\/\/www.endmillmts.com\/wp-content\/uploads\/2020\/12\/HRC45-End-Mills-for-600x600.jpg 600w, https:\/\/www.endmillmts.com\/wp-content\/uploads\/2020\/12\/HRC45-End-Mills-for.jpg 800w\" sizes=\"(min-width: 2200px) 100vw, (min-width: 784px) 420px, (min-width: 712px) 630px, (min-width: 640px) 712px, \" title=\"\">\n\t\n\n\t\t<div class=\"fusion-rollover\">\n\t<div class=\"fusion-rollover-content\">\n\n\t\t\t\t\t\t\t\t\t\t\t\t\t\t<a class=\"fusion-rollover-link\" href=\"https:\/\/www.endmillmts.com\/fr\/product\/hrc45-end-mills-for-aluminum-3flute\/\">HRC45 Fin Usines d&#039;Aluminium 3Flute<\/a>\n\t\t\t\n\t\t\t\t\t\t\t\t\n\t\t\t\t\n\t\t\t\t\t\t\t\t\t\t\t\t<h4 class=\"fusion-rollover-title\">\n\t\t\t\t\t<a class=\"fusion-rollover-title-link\" href=\"https:\/\/www.endmillmts.com\/fr\/product\/hrc45-end-mills-for-aluminum-3flute\/\">\n\t\t\t\t\t\tHRC45 Fin Usines d&#039;Aluminium 3Flute\t\t\t\t\t<\/a>\n\t\t\t\t<\/h4>\n\t\t\t\n\t\t\t\t\t\t\t\t\n\t\t\n\t\t\t\t<a class=\"fusion-link-wrapper\" href=\"https:\/\/www.endmillmts.com\/fr\/product\/hrc45-end-mills-for-aluminum-3flute\/\" aria-label=\"HRC45 Fin Usines d&#039;Aluminium 3Flute\"><\/a>\n\t<\/div>\n<\/div>\n\n\t\n<\/div>\n<div class=\"fusion-portfolio-content\" style=\"background-color:rgba(255,255,255,0);\"><h2 class=\"entry-title fusion-post-title\"><a href=\"https:\/\/www.endmillmts.com\/fr\/product\/hrc45-end-mills-for-aluminum-3flute\/\">HRC45 Fin Usines d&#039;Aluminium 3Flute<\/a><\/h2><div class=\"fusion-post-content\"><\/div><\/div><\/div><\/article><article id=\"portfolio-1-post-444\" class=\"fusion-portfolio-post ballnose-endmill-for-aluminumhrc45-hrc55-ballnose-endmill-for-aluminumhrc45-hrc55 fusion-col-spacing post-444\"><div class=\"fusion-portfolio-content-wrapper\" style=\"border:1px solid #f2f3f5;border-bottom-width:3px;background-color:rgba(255,255,255,0);\"><span class=\"vcard rich-snippet-hidden\"><span class=\"fn\"><a href=\"https:\/\/www.endmillmts.com\/fr\/author\/endmillmtsadmin\/\" title=\"Articles par endmillmtsadmin\" rel=\"author\">endmillmtsadmin<\/a><\/span><\/span><span class=\"updated rich-snippet-hidden\">2021-05-30T05:39:12+00:00<\/span>\n\n<div  class=\"fusion-image-wrapper\" aria-haspopup=\"true\">\n\t\n\t\n\t\n\t\t\n\t\t\t\t\t<img decoding=\"async\" width=\"800\" height=\"800\" src=\"https:\/\/www.endmillmts.com\/wp-content\/uploads\/2020\/12\/HRC55-End-Mills-01.jpg\" class=\"attachment-full size-full wp-post-image\" alt=\"HRC55 fraises 01\" srcset=\"https:\/\/www.endmillmts.com\/wp-content\/uploads\/2020\/12\/HRC55-End-Mills-01-200x200.jpg 200w, https:\/\/www.endmillmts.com\/wp-content\/uploads\/2020\/12\/HRC55-End-Mills-01-400x400.jpg 400w, https:\/\/www.endmillmts.com\/wp-content\/uploads\/2020\/12\/HRC55-End-Mills-01-600x600.jpg 600w, https:\/\/www.endmillmts.com\/wp-content\/uploads\/2020\/12\/HRC55-End-Mills-01.jpg 800w\" sizes=\"(min-width: 2200px) 100vw, (min-width: 784px) 420px, (min-width: 712px) 630px, (min-width: 640px) 712px, \" title=\"\">\n\t\n\n\t\t<div class=\"fusion-rollover\">\n\t<div class=\"fusion-rollover-content\">\n\n\t\t\t\t\t\t\t\t\t\t\t\t\t\t<a class=\"fusion-rollover-link\" href=\"https:\/\/www.endmillmts.com\/fr\/product\/hrc55-end-mills-for-aluminum-2-flute\/\">HRC55 Ballnose fraises en Aluminium de 2 Fl\u00fbte<\/a>\n\t\t\t\n\t\t\t\t\t\t\t\t\n\t\t\t\t\n\t\t\t\t\t\t\t\t\t\t\t\t<h4 class=\"fusion-rollover-title\">\n\t\t\t\t\t<a class=\"fusion-rollover-title-link\" href=\"https:\/\/www.endmillmts.com\/fr\/product\/hrc55-end-mills-for-aluminum-2-flute\/\">\n\t\t\t\t\t\tHRC55 Ballnose fraises en Aluminium de 2 Fl\u00fbte\t\t\t\t\t<\/a>\n\t\t\t\t<\/h4>\n\t\t\t\n\t\t\t\t\t\t\t\t\n\t\t\n\t\t\t\t<a class=\"fusion-link-wrapper\" href=\"https:\/\/www.endmillmts.com\/fr\/product\/hrc55-end-mills-for-aluminum-2-flute\/\" aria-label=\"HRC55 Ballnose fraises en Aluminium de 2 Fl\u00fbte\"><\/a>\n\t<\/div>\n<\/div>\n\n\t\n<\/div>\n<div class=\"fusion-portfolio-content\" style=\"background-color:rgba(255,255,255,0);\"><h2 class=\"entry-title fusion-post-title\"><a href=\"https:\/\/www.endmillmts.com\/fr\/product\/hrc55-end-mills-for-aluminum-2-flute\/\">HRC55 Ballnose fraises en Aluminium de 2 Fl\u00fbte<\/a><\/h2><div class=\"fusion-post-content\"><\/div><\/div><\/div><\/article><article id=\"portfolio-1-post-430\" class=\"fusion-portfolio-post 2-flute-end-mill-for-alu fusion-col-spacing post-430\"><div class=\"fusion-portfolio-content-wrapper\" style=\"border:1px solid #f2f3f5;border-bottom-width:3px;background-color:rgba(255,255,255,0);\"><span class=\"vcard rich-snippet-hidden\"><span class=\"fn\"><a href=\"https:\/\/www.endmillmts.com\/fr\/author\/endmillmtsadmin\/\" title=\"Articles par endmillmtsadmin\" rel=\"author\">endmillmtsadmin<\/a><\/span><\/span><span class=\"updated rich-snippet-hidden\">2021-05-30T05:39:21+00:00<\/span>\n\n<div  class=\"fusion-image-wrapper\" aria-haspopup=\"true\">\n\t\n\t\n\t\n\t\t\n\t\t\t\t\t<img decoding=\"async\" width=\"800\" height=\"800\" src=\"https:\/\/www.endmillmts.com\/wp-content\/uploads\/2020\/12\/HRC45-End-Mills-for-Aluminum-1.jpg\" class=\"attachment-full size-full wp-post-image\" alt=\"HRC45 fraises en Aluminium de 1\" srcset=\"https:\/\/www.endmillmts.com\/wp-content\/uploads\/2020\/12\/HRC45-End-Mills-for-Aluminum-1-200x200.jpg 200w, https:\/\/www.endmillmts.com\/wp-content\/uploads\/2020\/12\/HRC45-End-Mills-for-Aluminum-1-400x400.jpg 400w, https:\/\/www.endmillmts.com\/wp-content\/uploads\/2020\/12\/HRC45-End-Mills-for-Aluminum-1-600x600.jpg 600w, https:\/\/www.endmillmts.com\/wp-content\/uploads\/2020\/12\/HRC45-End-Mills-for-Aluminum-1.jpg 800w\" sizes=\"(min-width: 2200px) 100vw, (min-width: 784px) 420px, (min-width: 712px) 630px, (min-width: 640px) 712px, \" title=\"\">\n\t\n\n\t\t<div class=\"fusion-rollover\">\n\t<div class=\"fusion-rollover-content\">\n\n\t\t\t\t\t\t\t\t\t\t\t\t\t\t<a class=\"fusion-rollover-link\" href=\"https:\/\/www.endmillmts.com\/fr\/product\/hrc45-end-mills-for-aluminum-2flute\/\">HRC45 Fin Usines d&#039;Aluminium 2Flute<\/a>\n\t\t\t\n\t\t\t\t\t\t\t\t\n\t\t\t\t\n\t\t\t\t\t\t\t\t\t\t\t\t<h4 class=\"fusion-rollover-title\">\n\t\t\t\t\t<a class=\"fusion-rollover-title-link\" href=\"https:\/\/www.endmillmts.com\/fr\/product\/hrc45-end-mills-for-aluminum-2flute\/\">\n\t\t\t\t\t\tHRC45 Fin Usines d&#039;Aluminium 2Flute\t\t\t\t\t<\/a>\n\t\t\t\t<\/h4>\n\t\t\t\n\t\t\t\t\t\t\t\t\n\t\t\n\t\t\t\t<a class=\"fusion-link-wrapper\" href=\"https:\/\/www.endmillmts.com\/fr\/product\/hrc45-end-mills-for-aluminum-2flute\/\" aria-label=\"HRC45 Fin Usines d&#039;Aluminium 2Flute\"><\/a>\n\t<\/div>\n<\/div>\n\n\t\n<\/div>\n<div class=\"fusion-portfolio-content\" style=\"background-color:rgba(255,255,255,0);\"><h2 class=\"entry-title fusion-post-title\"><a href=\"https:\/\/www.endmillmts.com\/fr\/product\/hrc45-end-mills-for-aluminum-2flute\/\">HRC45 Fin Usines d&#039;Aluminium 2Flute<\/a><\/h2><div class=\"fusion-post-content\"><\/div><\/div><\/div><\/article><article id=\"portfolio-1-post-423\" class=\"fusion-portfolio-post 2-flute-end-mill-for-alu fusion-col-spacing post-423\"><div class=\"fusion-portfolio-content-wrapper\" style=\"border:1px solid #f2f3f5;border-bottom-width:3px;background-color:rgba(255,255,255,0);\"><span class=\"vcard rich-snippet-hidden\"><span class=\"fn\"><a href=\"https:\/\/www.endmillmts.com\/fr\/author\/endmillmtsadmin\/\" title=\"Articles par endmillmtsadmin\" rel=\"author\">endmillmtsadmin<\/a><\/span><\/span><span class=\"updated rich-snippet-hidden\">2021-05-30T05:39:31+00:00<\/span>\n\n<div  class=\"fusion-image-wrapper\" aria-haspopup=\"true\">\n\t\n\t\n\t\n\t\t\n\t\t\t\t\t<img decoding=\"async\" width=\"800\" height=\"800\" src=\"https:\/\/www.endmillmts.com\/wp-content\/uploads\/2020\/12\/HRC55-End-Mills-for-Aluminum-2-Flute-MTS-1.jpg\" class=\"attachment-full size-full wp-post-image\" alt=\"HRC55 fraises en Aluminium de 2 Fl\u00fbte MTS 1\" srcset=\"https:\/\/www.endmillmts.com\/wp-content\/uploads\/2020\/12\/HRC55-End-Mills-for-Aluminum-2-Flute-MTS-1-200x200.jpg 200w, https:\/\/www.endmillmts.com\/wp-content\/uploads\/2020\/12\/HRC55-End-Mills-for-Aluminum-2-Flute-MTS-1-400x400.jpg 400w, https:\/\/www.endmillmts.com\/wp-content\/uploads\/2020\/12\/HRC55-End-Mills-for-Aluminum-2-Flute-MTS-1-600x600.jpg 600w, https:\/\/www.endmillmts.com\/wp-content\/uploads\/2020\/12\/HRC55-End-Mills-for-Aluminum-2-Flute-MTS-1.jpg 800w\" sizes=\"(min-width: 2200px) 100vw, (min-width: 784px) 420px, (min-width: 712px) 630px, (min-width: 640px) 712px, \" title=\"\">\n\t\n\n\t\t<div class=\"fusion-rollover\">\n\t<div class=\"fusion-rollover-content\">\n\n\t\t\t\t\t\t\t\t\t\t\t\t\t\t<a class=\"fusion-rollover-link\" href=\"https:\/\/www.endmillmts.com\/fr\/product\/hrc55-ball-nose-end-mills-for-aluminum-2-flute\/\">HRC55 fraises en Aluminium de 2 Fl\u00fbte<\/a>\n\t\t\t\n\t\t\t\t\t\t\t\t\n\t\t\t\t\n\t\t\t\t\t\t\t\t\t\t\t\t<h4 class=\"fusion-rollover-title\">\n\t\t\t\t\t<a class=\"fusion-rollover-title-link\" href=\"https:\/\/www.endmillmts.com\/fr\/product\/hrc55-ball-nose-end-mills-for-aluminum-2-flute\/\">\n\t\t\t\t\t\tHRC55 fraises en Aluminium de 2 Fl\u00fbte\t\t\t\t\t<\/a>\n\t\t\t\t<\/h4>\n\t\t\t\n\t\t\t\t\t\t\t\t\n\t\t\n\t\t\t\t<a class=\"fusion-link-wrapper\" href=\"https:\/\/www.endmillmts.com\/fr\/product\/hrc55-ball-nose-end-mills-for-aluminum-2-flute\/\" aria-label=\"HRC55 fraises en Aluminium de 2 Fl\u00fbte\"><\/a>\n\t<\/div>\n<\/div>\n\n\t\n<\/div>\n<div class=\"fusion-portfolio-content\" style=\"background-color:rgba(255,255,255,0);\"><h2 class=\"entry-title fusion-post-title\"><a href=\"https:\/\/www.endmillmts.com\/fr\/product\/hrc55-ball-nose-end-mills-for-aluminum-2-flute\/\">HRC55 fraises en Aluminium de 2 Fl\u00fbte<\/a><\/h2><div class=\"fusion-post-content\"><\/div><\/div><\/div><\/article><article id=\"portfolio-1-post-416\" class=\"fusion-portfolio-post ballnose-endmill-for-aluminumhrc45-hrc55-ballnose-endmill-for-aluminumhrc45-hrc55 fusion-col-spacing post-416\"><div class=\"fusion-portfolio-content-wrapper\" style=\"border:1px solid #f2f3f5;border-bottom-width:3px;background-color:rgba(255,255,255,0);\"><span class=\"vcard rich-snippet-hidden\"><span class=\"fn\"><a href=\"https:\/\/www.endmillmts.com\/fr\/author\/endmillmtsadmin\/\" title=\"Articles par endmillmtsadmin\" rel=\"author\">endmillmtsadmin<\/a><\/span><\/span><span class=\"updated rich-snippet-hidden\">2021-05-30T05:39:40+00:00<\/span>\n\n<div  class=\"fusion-image-wrapper\" aria-haspopup=\"true\">\n\t\n\t\n\t\n\t\t\n\t\t\t\t\t<img decoding=\"async\" width=\"800\" height=\"800\" src=\"https:\/\/www.endmillmts.com\/wp-content\/uploads\/2020\/12\/HRC45-Ball-Nose-End-Mills-f.jpg\" class=\"attachment-full size-full wp-post-image\" alt=\"HRC45 les fraises \u00e0 Bout sph\u00e9rique f\" srcset=\"https:\/\/www.endmillmts.com\/wp-content\/uploads\/2020\/12\/HRC45-Ball-Nose-End-Mills-f-200x200.jpg 200w, https:\/\/www.endmillmts.com\/wp-content\/uploads\/2020\/12\/HRC45-Ball-Nose-End-Mills-f-400x400.jpg 400w, https:\/\/www.endmillmts.com\/wp-content\/uploads\/2020\/12\/HRC45-Ball-Nose-End-Mills-f-600x600.jpg 600w, https:\/\/www.endmillmts.com\/wp-content\/uploads\/2020\/12\/HRC45-Ball-Nose-End-Mills-f.jpg 800w\" sizes=\"(min-width: 2200px) 100vw, (min-width: 784px) 420px, (min-width: 712px) 630px, (min-width: 640px) 712px, \" title=\"\">\n\t\n\n\t\t<div class=\"fusion-rollover\">\n\t<div class=\"fusion-rollover-content\">\n\n\t\t\t\t\t\t\t\t\t\t\t\t\t\t<a class=\"fusion-rollover-link\" href=\"https:\/\/www.endmillmts.com\/fr\/product\/hrc45-ball-nose-end-mills-for-aluminum-2-flute\/\">HRC45 les fraises \u00e0 Bout sph\u00e9rique en Aluminium de 2 Fl\u00fbte<\/a>\n\t\t\t\n\t\t\t\t\t\t\t\t\n\t\t\t\t\n\t\t\t\t\t\t\t\t\t\t\t\t<h4 class=\"fusion-rollover-title\">\n\t\t\t\t\t<a class=\"fusion-rollover-title-link\" href=\"https:\/\/www.endmillmts.com\/fr\/product\/hrc45-ball-nose-end-mills-for-aluminum-2-flute\/\">\n\t\t\t\t\t\tHRC45 les fraises \u00e0 Bout sph\u00e9rique en Aluminium de 2 Fl\u00fbte\t\t\t\t\t<\/a>\n\t\t\t\t<\/h4>\n\t\t\t\n\t\t\t\t\t\t\t\t\n\t\t\n\t\t\t\t<a class=\"fusion-link-wrapper\" href=\"https:\/\/www.endmillmts.com\/fr\/product\/hrc45-ball-nose-end-mills-for-aluminum-2-flute\/\" aria-label=\"HRC45 les fraises \u00e0 Bout sph\u00e9rique en Aluminium de 2 Fl\u00fbte\"><\/a>\n\t<\/div>\n<\/div>\n\n\t\n<\/div>\n<div class=\"fusion-portfolio-content\" style=\"background-color:rgba(255,255,255,0);\"><h2 class=\"entry-title fusion-post-title\"><a href=\"https:\/\/www.endmillmts.com\/fr\/product\/hrc45-ball-nose-end-mills-for-aluminum-2-flute\/\">HRC45 les fraises \u00e0 Bout sph\u00e9rique en Aluminium de 2 Fl\u00fbte<\/a><\/h2><div class=\"fusion-post-content\"><\/div><\/div><\/div><\/article><\/div><\/div><\/div><\/div><style type=\"text\/css\">.fusion-body .fusion-builder-column-0{width:100% !important;margin-top : 10px;margin-bottom : 10px;}.fusion-builder-column-0 > .fusion-column-wrapper {padding-top : 0px !important;padding-right : 0px !important;margin-right : 1.92%;padding-bottom : 0px !important;padding-left : 0px !important;margin-left : 1.92%;}@media only screen and (max-width:1024px) {.fusion-body .fusion-builder-column-0{width:100% !important;order : 0;}.fusion-builder-column-0 > .fusion-column-wrapper {margin-right : 1.92%;margin-left : 1.92%;}}@media only screen and (max-width:640px) {.fusion-body .fusion-builder-column-0{width:100% !important;order : 0;}.fusion-builder-column-0 > .fusion-column-wrapper {margin-right : 1.92%;margin-left : 1.92%;}}<\/style><\/div><style type=\"text\/css\">.fusion-body .fusion-flex-container.fusion-builder-row-1{ padding-top : 0px;margin-top : 0px;padding-right : 0px;padding-bottom : 0px;margin-bottom : 0px;padding-left : 0px;}<\/style><\/div>","protected":false},"excerpt":{"rendered":"","protected":false},"author":1,"featured_media":0,"parent":0,"menu_order":0,"comment_status":"closed","ping_status":"closed","template":"","meta":{"footnotes":""},"class_list":["post-38","page","type-page","status-publish","hentry"],"_links":{"self":[{"href":"https:\/\/www.endmillmts.com\/fr\/wp-json\/wp\/v2\/pages\/38","targetHints":{"allow":["GET"]}}],"collection":[{"href":"https:\/\/www.endmillmts.com\/fr\/wp-json\/wp\/v2\/pages"}],"about":[{"href":"https:\/\/www.endmillmts.com\/fr\/wp-json\/wp\/v2\/types\/page"}],"author":[{"embeddable":true,"href":"https:\/\/www.endmillmts.com\/fr\/wp-json\/wp\/v2\/users\/1"}],"replies":[{"embeddable":true,"href":"https:\/\/www.endmillmts.com\/fr\/wp-json\/wp\/v2\/comments?post=38"}],"version-history":[{"count":6,"href":"https:\/\/www.endmillmts.com\/fr\/wp-json\/wp\/v2\/pages\/38\/revisions"}],"predecessor-version":[{"id":712,"href":"https:\/\/www.endmillmts.com\/fr\/wp-json\/wp\/v2\/pages\/38\/revisions\/712"}],"wp:attachment":[{"href":"https:\/\/www.endmillmts.com\/fr\/wp-json\/wp\/v2\/media?parent=38"}],"curies":[{"name":"wp","href":"https:\/\/api.w.org\/{rel}","templated":true}]}}